{"id":177,"date":"2020-10-04T05:10:50","date_gmt":"2020-10-04T05:10:50","guid":{"rendered":"https:\/\/bibliorion.com\/bibliorion\/?page_id=177"},"modified":"2020-10-27T11:19:31","modified_gmt":"2020-10-27T17:19:31","slug":"imprenta","status":"publish","type":"page","link":"https:\/\/bibliorion.com\/bibliorion\/index.php\/imprenta\/","title":{"rendered":"Imprenta"},"content":{"rendered":"<p>[et_pb_section bb_built=&#8221;1&#8243; admin_label=&#8221;Hero Section&#8221; next_background_color=&#8221;#ffffff&#8221; _builder_version=&#8221;3.4.1&#8243; use_background_color_gradient=&#8221;on&#8221; background_color_gradient_start=&#8221;rgba(0,0,0,0.4)&#8221; background_color_gradient_end=&#8221;rgba(0,0,0,0.4)&#8221; background_color_gradient_overlays_image=&#8221;on&#8221; background_image=&#8221;https:\/\/bibliorion.com\/bibliorion\/wp-content\/uploads\/2020\/10\/writer-02.jpg&#8221; background_position=&#8221;center_right&#8221; custom_padding=&#8221;6%||6%|&#8221; bottom_divider_style=&#8221;slant&#8221; bottom_divider_height=&#8221;60px&#8221;][et_pb_row admin_label=&#8221;Page Title Area&#8221; _builder_version=&#8221;3.4.1&#8243; background_size=&#8221;initial&#8221; background_position=&#8221;top_left&#8221; background_repeat=&#8221;repeat&#8221;][et_pb_column type=&#8221;4_4&#8243;][et_pb_text admin_label=&#8221;Hero Section Title&#8221; _builder_version=&#8221;3.4.1&#8243; text_font=&#8221;Montserrat||||||||&#8221; text_font_size=&#8221;18px&#8221; text_line_height=&#8221;1.8em&#8221; header_font=&#8221;Montserrat|600||on|||||&#8221; header_font_size=&#8221;48px&#8221; header_font_size_phone=&#8221;28px&#8221; header_font_size_last_edited=&#8221;on|phone&#8221; header_letter_spacing=&#8221;3px&#8221; header_line_height=&#8221;1.3em&#8221; header_2_font=&#8221;Montserrat|700|||||||&#8221; header_2_text_color=&#8221;rgba(255,255,255,0.6)&#8221; header_2_font_size=&#8221;90px&#8221; header_2_font_size_phone=&#8221;50px&#8221; header_2_font_size_last_edited=&#8221;on|phone&#8221; header_2_letter_spacing=&#8221;3px&#8221; header_2_line_height=&#8221;1.1em&#8221; text_orientation=&#8221;center&#8221; background_layout=&#8221;dark&#8221; max_width=&#8221;700px&#8221; module_alignment=&#8221;center&#8221; custom_margin=&#8221;|||&#8221; animation_style=&#8221;fade&#8221; animation_direction=&#8221;bottom&#8221;]<\/p>\n<div class=\"page-header\">\n<div class=\"page-header\">\n<h2>Imprenta<\/h2>\n<\/div>\n<\/div>\n<p>Te ayudamos a generar una buena imagen con tus clientes y consumidores.<\/p>\n<p>[\/et_pb_text][\/et_pb_column][\/et_pb_row][\/et_pb_section][et_pb_section bb_built=&#8221;1&#8243; admin_label=&#8221;Featured Project&#8221; disabled_on=&#8221;off|off|off&#8221; _builder_version=&#8221;3.0.89&#8243; custom_padding=&#8221;110px||110px|&#8221; prev_background_color=&#8221;#000000&#8243; next_background_color=&#8221;#000000&#8243;][et_pb_row admin_label=&#8221;Featured Project&#8221; _builder_version=&#8221;3.0.89&#8243;][et_pb_column type=&#8221;1_2&#8243;][et_pb_text admin_label=&#8221;Title&#8221; disabled_on=&#8221;off|off|off&#8221; _builder_version=&#8221;3.4.1&#8243; text_font=&#8221;Montserrat|||on|||||&#8221; text_font_size=&#8221;16px&#8221; text_line_height=&#8221;1.8em&#8221; header_2_font=&#8221;Montserrat|600||on|||||&#8221; header_2_font_size=&#8221;30px&#8221; header_2_line_height=&#8221;1.5em&#8221; custom_margin=&#8221;||5px|&#8221; animation_style=&#8221;slide&#8221; animation_direction=&#8221;top&#8221; animation_intensity_slide=&#8221;20%&#8221; animation_starting_opacity=&#8221;100%&#8221;]<\/p>\n<p>&nbsp;<\/p>\n<div class=\"page-header\">\n<h2>Imprenta<\/h2>\n<div class=\"page_counter_label\"><span class=\"page_counter_text\" style=\"color:#c9c9c9;background:#FFFFFF;\">Total Page Visits: 7862<\/span><\/div>\n<\/div>\n<p>[\/et_pb_text][et_pb_divider show_divider=&#8221;off&#8221; _builder_version=&#8221;3.2&#8243; max_width=&#8221;23px&#8221; module_alignment=&#8221;left&#8221; animation_style=&#8221;slide&#8221; animation_intensity_slide=&#8221;20%&#8221; animation_starting_opacity=&#8221;100%&#8221; locked=&#8221;off&#8221;]<br \/>\n[\/et_pb_divider][et_pb_text _builder_version=&#8221;3.4.1&#8243; text_font_size=&#8221;16px&#8221; text_line_height=&#8221;1.8em&#8221; max_width=&#8221;90%&#8221; custom_margin=&#8221;|||&#8221; animation_style=&#8221;flip&#8221; animation_direction=&#8221;left&#8221; animation_intensity_flip=&#8221;30%&#8221; animation_starting_opacity=&#8221;100%&#8221;]<\/p>\n<p style=\"text-align: justify;\">A trav\u00e9s de nuestros servicios de impresi\u00f3n, te ayudamos a generar una buena imagen con tus clientes y consumidores.<\/p>\n<p style=\"text-align: justify;\">El detalle que nos distingue est\u00e1 en la confianza que cada cliente ha puesto en nosotros desde hace 10 a\u00f1os. Conoce los diferentes sistemas de producci\u00f3n con los cuales podemos cubrir tus necesidades.<\/p>\n<h3><strong>OFFSET<\/strong><\/h3>\n<p style=\"text-align: justify;\">La impresi\u00f3n offset de prensa plana ofrece innumerables ventajas, dentro de las cuales se pueden destacar:<\/p>\n<ul>\n<li style=\"text-align: justify;\">Es econ\u00f3mico para proyectos de tirajes medianos y sobre todo para largos tirajes.<\/li>\n<li style=\"text-align: justify;\">La impresi\u00f3n en offset es un sistema que permite producci\u00f3n r\u00e1pida y de excelente calidad gr\u00e1fica.<\/li>\n<li style=\"text-align: justify;\">Permite producir sobre pr\u00e1cticamente cualquier tipo de papel (con o sin recubrimiento, metalizados, reciclados, texturizados, etc).<\/li>\n<li style=\"text-align: justify;\">Imagen de alta calidad consistente, con mayor claridad y definici\u00f3n que otros sistemas de impresi\u00f3n<\/li>\n<li style=\"text-align: justify;\">Algunos ejemplos de lo que puede imprimir en este sistema:\u00a0Libros, Folletos (d\u00edpticos, tr\u00edpticos, etc.), Posters, Tarjetas postales, Calendarios, Revistas, Folders, Solicitudes y Formas (Papeler\u00eda Corporativa), Empaques, etc.<\/li>\n<li style=\"text-align: justify;\">Para imprimir en \u00e9ste sistema los dise\u00f1os e im\u00e1genes son separados en cuatro colores con distintas intensidades, y a esto se le llama cuatricrom\u00eda. Estos cuatro colores son el\u00a0cian,\u00a0magenta,\u00a0amarillo\u00a0y\u00a0negro\u00a0(CMYK). Su mezcla proporciona la m\u00e1s amplia gama de colores que pueden formarse en impresi\u00f3n. Tambi\u00e9n se ampl\u00eda la gama de colores si se integran a la impresi\u00f3n otras tintas directas (plata, oro, pantones y barnices).<\/li>\n<\/ul>\n<p>&nbsp;<\/p>\n<h3><strong>SERIGRAF\u00cdA<\/strong><\/h3>\n<p style=\"text-align: justify;\">Esta es una t\u00e9cnica de impresi\u00f3n utilizada para reproducir gr\u00e1ficos sobre cualquier material, y consiste en transferir una tinta a trav\u00e9s de una gasa o un nylon tensado en un marco. El paso de la tinta se bloquea en las \u00e1reas donde no habr\u00e1 imagen, mediante una emulsi\u00f3n o barniz, quedando libre la zona donde pasar\u00e1 la tinta.<\/p>\n<p style=\"text-align: justify;\">Su t\u00e9cnica y definici\u00f3n hacen de la serigraf\u00eda un m\u00e9todo muy elegante y presentable, utilizado generalmente para tiros cortos, dependiendo de su formato. Su uso es ideal para:<\/p>\n<ul>\n<li style=\"text-align: justify;\">Tarjetas de Presentaci\u00f3n.<\/li>\n<li style=\"text-align: justify;\">Reproducciones de arte y de anuncios; en la reproducci\u00f3n de obra de arte, pinturas, dibujos, carteles, posters, etc.<\/li>\n<li style=\"text-align: justify;\">Invitaciones (bodas, seminarios, bautizos, etc.)<\/li>\n<li style=\"text-align: justify;\">En la impresi\u00f3n de pl\u00e1sticos: paneles, elementos de decoraci\u00f3n, letreros de se\u00f1alizaci\u00f3n y marcaje.<\/li>\n<li style=\"text-align: justify;\">Calcoman\u00edas y etiquetas con acabado especial (papel y policloruro de vinilo (PVC)), calcoman\u00edas vitrificables para la decoraci\u00f3n de azulejos, vidrio y cer\u00e1mica.<\/li>\n<li style=\"text-align: justify;\">En todo tipo de materiales para decoraci\u00f3n de escaparates, mostradores, vitrinas, interiores de tiendas, y, en cualquier escala, elementos de decoraci\u00f3n promocionales y publicitarios.<\/li>\n<li style=\"text-align: justify;\">Impresi\u00f3n de art\u00edculos promocionales. Lapiceros, llaveros, bolsas, etiquetas, etc.<\/li>\n<\/ul>\n<p>&nbsp;<\/p>\n<p>[\/et_pb_text][\/et_pb_column][et_pb_column type=&#8221;1_2&#8243;][et_pb_image src=&#8221;https:\/\/bibliorion.com\/bibliorion\/wp-content\/uploads\/2020\/10\/imprenta_foto.jpg&#8221; disabled_on=&#8221;on||&#8221; _builder_version=&#8221;3.4.1&#8243;]<br \/>\n[\/et_pb_image][et_pb_text _builder_version=&#8221;3.4.1&#8243; text_font_size=&#8221;16px&#8221; text_line_height=&#8221;1.8em&#8221; max_width=&#8221;90%&#8221; custom_margin=&#8221;|||&#8221; animation_style=&#8221;flip&#8221; animation_direction=&#8221;left&#8221; animation_intensity_flip=&#8221;30%&#8221; animation_starting_opacity=&#8221;100%&#8221;]<\/p>\n<p>&nbsp;<\/p>\n<h3><strong>IMPRESI\u00d3N DIGITAL<\/strong><\/h3>\n<p style=\"text-align: justify;\">Sistema de impresi\u00f3n que a diferencia del offset tradicional, no requiere de procesos intermedios de pre impresi\u00f3n entre la creaci\u00f3n del archivo del documento digital y el producto final impreso en papel. Esto permite contar con proyectos bajo y mediano volumen con tiempos de entrega muy cortos.<\/p>\n<p style=\"text-align: justify;\">En este sistema de impresi\u00f3n se tiene la ventaja de poder personalizar el producto impreso, brindando importante un valor agregado al proyecto de comunicaci\u00f3n. La avanzada tecnolog\u00eda de nuestros equipos digitales permite ofrecer una calidad gr\u00e1fica pr\u00e1cticamente similar a la del offset tradicional.<\/p>\n<p style=\"text-align: justify;\">Excelente opci\u00f3n para tirajes cortos (entre 1 y 500 formatos dependiendo de las medidas del dise\u00f1o),\u00a0Libros desde un ejemplar, Invitaciones, Tarjetas de Presentaci\u00f3n, Diplomas, Postales, Volantes, Separadores, Stickers y otros.<\/p>\n<p>[\/et_pb_text][\/et_pb_column][\/et_pb_row][\/et_pb_section][et_pb_section bb_built=&#8221;1&#8243; admin_label=&#8221;Footer Section&#8221; _builder_version=&#8221;3.0.89&#8243; background_image=&#8221;https:\/\/bibliorion.com\/bibliorion\/wp-content\/uploads\/2020\/10\/10_img.jpg&#8221; background_position=&#8221;top_center&#8221; custom_padding=&#8221;90px||90px|&#8221; prev_background_color=&#8221;#ffffff&#8221;][et_pb_row admin_label=&#8221;Footer Area&#8221; custom_padding=&#8221;|||&#8221; custom_margin=&#8221;|||&#8221; _builder_version=&#8221;3.0.89&#8243; locked=&#8221;off&#8221;][et_pb_column type=&#8221;4_4&#8243;][et_pb_text admin_label=&#8221;Title&#8221; _builder_version=&#8221;3.4.1&#8243; header_2_font=&#8221;Montserrat|600||on|||||&#8221; header_2_font_size=&#8221;30px&#8221; header_2_line_height=&#8221;1.5em&#8221; custom_margin=&#8221;||5px|&#8221; animation_style=&#8221;slide&#8221; animation_direction=&#8221;top&#8221; animation_intensity_slide=&#8221;20%&#8221; animation_starting_opacity=&#8221;100%&#8221;]<\/p>\n<h2>CONT\u00c1CTANOS, NOS ENCANTAR\u00c1 ESCUCHARTE<\/h2>\n<p>[\/et_pb_text][et_pb_divider show_divider=&#8221;off&#8221; _builder_version=&#8221;3.2&#8243; max_width=&#8221;23px&#8221; animation_style=&#8221;slide&#8221;]<br \/>\n[\/et_pb_divider][\/et_pb_column][\/et_pb_row][et_pb_row admin_label=&#8221;Contact Form Area&#8221; _builder_version=&#8221;3.0.89&#8243;][et_pb_column type=&#8221;1_2&#8243;][et_pb_contact_form captcha=&#8221;off&#8221; submit_button_text=&#8221;Enviar &#8221; form_background_color=&#8221;#ffffff&#8221; module_id=&#8221;et_pb_contact_form_0&#8243; _builder_version=&#8221;3.4.1&#8243; form_field_font=&#8221;Montserrat|300|||||||&#8221; form_field_font_size=&#8221;16px&#8221; border_width_all=&#8221;1px&#8221; border_color_all=&#8221;rgba(0,0,0,0.12)&#8221; custom_button=&#8221;on&#8221; button_text_size=&#8221;16px&#8221; button_text_color=&#8221;#ffffff&#8221; button_bg_color=&#8221;#e02b20&#8243; button_border_width=&#8221;8px&#8221; button_border_color=&#8221;#e02b20&#8243; button_letter_spacing=&#8221;2px&#8221; button_font=&#8221;Montserrat|600||on|||||&#8221; animation_style=&#8221;fade&#8221;][et_pb_contact_field field_id=&#8221;Name&#8221; field_title=&#8221;Nombre&#8221; fullwidth_field=&#8221;on&#8221; _builder_version=&#8221;3.4.1&#8243; form_field_font=&#8221;||||||||&#8221;][\/et_pb_contact_field][et_pb_contact_field field_id=&#8221;Email&#8221; field_title=&#8221;Email &#8221; field_type=&#8221;email&#8221; fullwidth_field=&#8221;on&#8221; _builder_version=&#8221;3.4.1&#8243; form_field_font=&#8221;||||||||&#8221;][\/et_pb_contact_field][et_pb_contact_field field_id=&#8221;Subject&#8221; field_title=&#8221;Asunto&#8221; fullwidth_field=&#8221;on&#8221; _builder_version=&#8221;3.4.1&#8243; form_field_font=&#8221;||||||||&#8221;][\/et_pb_contact_field][et_pb_contact_field field_id=&#8221;Message&#8221; field_title=&#8221;Mensaje&#8221; field_type=&#8221;text&#8221; fullwidth_field=&#8221;on&#8221; _builder_version=&#8221;3.4.1&#8243; form_field_font=&#8221;||||||||&#8221;][\/et_pb_contact_field][\/et_pb_contact_form][\/et_pb_column][et_pb_column type=&#8221;1_2&#8243;][\/et_pb_column][\/et_pb_row][\/et_pb_section]<\/p>\n ","protected":false},"excerpt":{"rendered":"<p>Imprenta Te ayudamos a generar una buena imagen con tus clientes y consumidores. &nbsp; Imprenta <div class=\"page_counter_label\"><span class=\"page_counter_text\" style=\"color:#c9c9c9;background:#FFFFFF;\">Total Page Visits: 7862<\/span><\/div> A trav\u00e9s de nuestros servicios de impresi\u00f3n, te ayudamos a generar una buena imagen con tus clientes y consumidores. El detalle que nos distingue est\u00e1 en la confianza que cada cliente ha puesto en nosotros desde hace 10 a\u00f1os. [&hellip;]<\/p>\n","protected":false},"author":1,"featured_media":0,"parent":0,"menu_order":0,"comment_status":"closed","ping_status":"closed","template":"","meta":{"_et_pb_use_builder":"on","_et_pb_old_content":"","_et_gb_content_width":"","om_disable_all_campaigns":false,"_monsterinsights_skip_tracking":false,"_monsterinsights_sitenote_active":false,"_monsterinsights_sitenote_note":"","_monsterinsights_sitenote_category":0,"footnotes":""},"class_list":["post-177","page","type-page","status-publish","hentry"],"aioseo_notices":[],"_links":{"self":[{"href":"https:\/\/bibliorion.com\/bibliorion\/index.php\/wp-json\/wp\/v2\/pages\/177"}],"collection":[{"href":"https:\/\/bibliorion.com\/bibliorion\/index.php\/wp-json\/wp\/v2\/pages"}],"about":[{"href":"https:\/\/bibliorion.com\/bibliorion\/index.php\/wp-json\/wp\/v2\/types\/page"}],"author":[{"embeddable":true,"href":"https:\/\/bibliorion.com\/bibliorion\/index.php\/wp-json\/wp\/v2\/users\/1"}],"replies":[{"embeddable":true,"href":"https:\/\/bibliorion.com\/bibliorion\/index.php\/wp-json\/wp\/v2\/comments?post=177"}],"version-history":[{"count":7,"href":"https:\/\/bibliorion.com\/bibliorion\/index.php\/wp-json\/wp\/v2\/pages\/177\/revisions"}],"predecessor-version":[{"id":620,"href":"https:\/\/bibliorion.com\/bibliorion\/index.php\/wp-json\/wp\/v2\/pages\/177\/revisions\/620"}],"wp:attachment":[{"href":"https:\/\/bibliorion.com\/bibliorion\/index.php\/wp-json\/wp\/v2\/media?parent=177"}],"curies":[{"name":"wp","href":"https:\/\/api.w.org\/{rel}","templated":true}]}}