{"id":200,"date":"2020-10-04T05:36:45","date_gmt":"2020-10-04T05:36:45","guid":{"rendered":"https:\/\/bibliorion.com\/bibliorion\/?page_id=200"},"modified":"2020-10-27T11:36:07","modified_gmt":"2020-10-27T17:36:07","slug":"venta-de-material-bibliografico","status":"publish","type":"page","link":"https:\/\/bibliorion.com\/bibliorion\/index.php\/venta-de-material-bibliografico\/","title":{"rendered":"Venta de material bibliogr\u00e1fico"},"content":{"rendered":"<p>[et_pb_section bb_built=&#8221;1&#8243; admin_label=&#8221;Hero Section&#8221; next_background_color=&#8221;#ffffff&#8221; _builder_version=&#8221;3.4.1&#8243; use_background_color_gradient=&#8221;on&#8221; background_color_gradient_start=&#8221;rgba(0,0,0,0.4)&#8221; background_color_gradient_end=&#8221;rgba(0,0,0,0.4)&#8221; background_color_gradient_overlays_image=&#8221;on&#8221; background_image=&#8221;https:\/\/bibliorion.com\/bibliorion\/wp-content\/uploads\/2020\/10\/ecomerce-banner.jpg&#8221; background_position=&#8221;center_right&#8221; custom_padding=&#8221;6%||6%|&#8221; bottom_divider_style=&#8221;slant&#8221; bottom_divider_height=&#8221;60px&#8221;][et_pb_row admin_label=&#8221;Page Title Area&#8221; _builder_version=&#8221;3.4.1&#8243; background_size=&#8221;initial&#8221; background_position=&#8221;top_left&#8221; background_repeat=&#8221;repeat&#8221;][et_pb_column type=&#8221;4_4&#8243;][et_pb_text admin_label=&#8221;Hero Section Title&#8221; _builder_version=&#8221;3.4.1&#8243; text_font=&#8221;Montserrat||||||||&#8221; text_font_size=&#8221;16px&#8221; text_line_height=&#8221;1.8em&#8221; header_font=&#8221;Montserrat|600||on|||||&#8221; header_font_size=&#8221;48px&#8221; header_font_size_phone=&#8221;28px&#8221; header_font_size_last_edited=&#8221;on|desktop&#8221; header_letter_spacing=&#8221;3px&#8221; header_line_height=&#8221;1.3em&#8221; header_2_font=&#8221;Montserrat|700|||||||&#8221; header_2_text_color=&#8221;rgba(255,255,255,0.6)&#8221; header_2_font_size=&#8221;76px&#8221; header_2_font_size_phone=&#8221;25px&#8221; header_2_font_size_last_edited=&#8221;on|desktop&#8221; header_2_letter_spacing=&#8221;3px&#8221; header_2_line_height=&#8221;1.1em&#8221; text_orientation=&#8221;center&#8221; background_layout=&#8221;dark&#8221; max_width=&#8221;700px&#8221; module_alignment=&#8221;center&#8221; custom_margin=&#8221;|||&#8221; animation_style=&#8221;fade&#8221; animation_direction=&#8221;bottom&#8221;]<\/p>\n<div class=\"page-header\">\n<div class=\"page-header\">\n<h2>Venta de material bibliogr\u00e1fico<\/h2>\n<\/div>\n<\/div>\n<p>BibliOri\u00f3n ofrece todos los libros que se publican en espa\u00f1ol en M\u00e9xico.<\/p>\n<p>[\/et_pb_text][\/et_pb_column][\/et_pb_row][\/et_pb_section][et_pb_section bb_built=&#8221;1&#8243; admin_label=&#8221;Featured Project&#8221; disabled_on=&#8221;off|off|off&#8221; _builder_version=&#8221;3.0.89&#8243; custom_padding=&#8221;110px||110px|&#8221; prev_background_color=&#8221;#000000&#8243; next_background_color=&#8221;#000000&#8243;][et_pb_row admin_label=&#8221;Featured Project&#8221; _builder_version=&#8221;3.0.89&#8243;][et_pb_column type=&#8221;1_2&#8243;][et_pb_text admin_label=&#8221;Title&#8221; disabled_on=&#8221;off|off|off&#8221; _builder_version=&#8221;3.4.1&#8243; text_font=&#8221;Montserrat|||on|||||&#8221; text_font_size=&#8221;16px&#8221; text_line_height=&#8221;1.8em&#8221; header_2_font=&#8221;Montserrat|600||on|||||&#8221; header_2_font_size=&#8221;30px&#8221; header_2_line_height=&#8221;1.5em&#8221; custom_margin=&#8221;||5px|&#8221; animation_style=&#8221;slide&#8221; animation_direction=&#8221;top&#8221; animation_intensity_slide=&#8221;20%&#8221; animation_starting_opacity=&#8221;100%&#8221;]<\/p>\n<p>&nbsp;<\/p>\n<div class=\"page-header\">\n<div class=\"page-header\">\n<h2 style=\"text-align: center;\">Ofrecemos todos los libros que se publican en espa\u00f1ol en M\u00e9xico<\/h2>\n<div class=\"page_counter_label\"><span class=\"page_counter_text\" style=\"color:#c9c9c9;background:#FFFFFF;\">Total Page Visits: 7961<\/span><\/div>\n<\/div>\n<\/div>\n<p>[\/et_pb_text][et_pb_divider show_divider=&#8221;off&#8221; _builder_version=&#8221;3.2&#8243; max_width=&#8221;23px&#8221; module_alignment=&#8221;left&#8221; animation_style=&#8221;slide&#8221; animation_intensity_slide=&#8221;20%&#8221; animation_starting_opacity=&#8221;100%&#8221; locked=&#8221;off&#8221;]<br \/>\n[\/et_pb_divider][et_pb_text _builder_version=&#8221;3.4.1&#8243; text_font_size=&#8221;16px&#8221; text_line_height=&#8221;1.8em&#8221; max_width=&#8221;90%&#8221; custom_margin=&#8221;|||&#8221; animation_style=&#8221;flip&#8221; animation_direction=&#8221;left&#8221; animation_intensity_flip=&#8221;30%&#8221; animation_starting_opacity=&#8221;100%&#8221;]<\/p>\n<p style=\"text-align: justify;\">BibliOri\u00f3n ofrece todos los libros que se publican en espa\u00f1ol en M\u00e9xico, muy especialmente los libros que dif\u00edcilmente pueden encontrarse en los puntos de venta tradicionales. Aunque nuestro inter\u00e9s originalmente se centraba en maestros e investigadores, de nivel acad\u00e9mico medio y superior, as\u00ed como en los profesionistas que desean mantenerse culturalmente al d\u00eda, hoy d\u00eda tambi\u00e9n nos preocupamos por la actualizaci\u00f3n y\/o el Desarrollo de Colecciones de las Bibliotecas.<\/p>\n<p style=\"text-align: justify;\">Hemos atendido principalmente a unidades de informaci\u00f3n interesadas en material t\u00e9cnico (computaci\u00f3n, administraci\u00f3n, leyes, medicina, arquitectura, ciencia pol\u00edtica, sociolog\u00eda, psiquiatr\u00eda, psicolog\u00eda, derecho, imagen 3D\u00a0 gastronom\u00eda, filosof\u00eda, arte, etc.)<\/p>\n<p>[\/et_pb_text][\/et_pb_column][et_pb_column type=&#8221;1_2&#8243;][et_pb_image src=&#8221;https:\/\/bibliorion.com\/bibliorion\/wp-content\/uploads\/2020\/10\/venta-libros.jpg&#8221; _builder_version=&#8221;3.4.1&#8243;]<br \/>\n[\/et_pb_image][\/et_pb_column][\/et_pb_row][\/et_pb_section][et_pb_section bb_built=&#8221;1&#8243; admin_label=&#8221;Footer Section&#8221; _builder_version=&#8221;3.0.89&#8243; background_image=&#8221;https:\/\/bibliorion.com\/bibliorion\/wp-content\/uploads\/2020\/10\/10_img.jpg&#8221; background_position=&#8221;top_center&#8221; custom_padding=&#8221;90px||90px|&#8221; prev_background_color=&#8221;#ffffff&#8221;][et_pb_row admin_label=&#8221;Footer Area&#8221; custom_padding=&#8221;|||&#8221; custom_margin=&#8221;|||&#8221; _builder_version=&#8221;3.0.89&#8243; locked=&#8221;off&#8221;][et_pb_column type=&#8221;4_4&#8243;][et_pb_text admin_label=&#8221;Title&#8221; _builder_version=&#8221;3.4.1&#8243; header_2_font=&#8221;Montserrat|600||on|||||&#8221; header_2_font_size=&#8221;30px&#8221; header_2_line_height=&#8221;1.5em&#8221; custom_margin=&#8221;||5px|&#8221; animation_style=&#8221;slide&#8221; animation_direction=&#8221;top&#8221; animation_intensity_slide=&#8221;20%&#8221; animation_starting_opacity=&#8221;100%&#8221;]<\/p>\n<h2>CONT\u00c1CTANOS, NOS ENCANTAR\u00c1 ESCUCHARTE<\/h2>\n<p>[\/et_pb_text][et_pb_divider show_divider=&#8221;off&#8221; _builder_version=&#8221;3.2&#8243; max_width=&#8221;23px&#8221; animation_style=&#8221;slide&#8221;]<br \/>\n[\/et_pb_divider][\/et_pb_column][\/et_pb_row][et_pb_row admin_label=&#8221;Contact Form Area&#8221; _builder_version=&#8221;3.0.89&#8243;][et_pb_column type=&#8221;1_2&#8243;][et_pb_contact_form captcha=&#8221;off&#8221; submit_button_text=&#8221;Enviar &#8221; form_background_color=&#8221;#ffffff&#8221; module_id=&#8221;et_pb_contact_form_0&#8243; _builder_version=&#8221;3.4.1&#8243; form_field_font=&#8221;Montserrat|300|||||||&#8221; form_field_font_size=&#8221;16px&#8221; border_width_all=&#8221;1px&#8221; border_color_all=&#8221;rgba(0,0,0,0.12)&#8221; custom_button=&#8221;on&#8221; button_text_size=&#8221;16px&#8221; button_text_color=&#8221;#ffffff&#8221; button_bg_color=&#8221;#e02b20&#8243; button_border_width=&#8221;8px&#8221; button_border_color=&#8221;#e02b20&#8243; button_letter_spacing=&#8221;2px&#8221; button_font=&#8221;Montserrat|600||on|||||&#8221; animation_style=&#8221;fade&#8221;][et_pb_contact_field field_id=&#8221;Name&#8221; field_title=&#8221;Nombre&#8221; fullwidth_field=&#8221;on&#8221; _builder_version=&#8221;3.4.1&#8243; form_field_font=&#8221;||||||||&#8221;][\/et_pb_contact_field][et_pb_contact_field field_id=&#8221;Email&#8221; field_title=&#8221;Email &#8221; field_type=&#8221;email&#8221; fullwidth_field=&#8221;on&#8221; _builder_version=&#8221;3.4.1&#8243; form_field_font=&#8221;||||||||&#8221;][\/et_pb_contact_field][et_pb_contact_field field_id=&#8221;Subject&#8221; field_title=&#8221;Asunto&#8221; fullwidth_field=&#8221;on&#8221; _builder_version=&#8221;3.4.1&#8243; form_field_font=&#8221;||||||||&#8221;][\/et_pb_contact_field][et_pb_contact_field field_id=&#8221;Message&#8221; field_title=&#8221;Mensaje&#8221; field_type=&#8221;text&#8221; fullwidth_field=&#8221;on&#8221; _builder_version=&#8221;3.4.1&#8243; form_field_font=&#8221;||||||||&#8221;][\/et_pb_contact_field][\/et_pb_contact_form][\/et_pb_column][et_pb_column type=&#8221;1_2&#8243;][\/et_pb_column][\/et_pb_row][\/et_pb_section]<\/p>\n ","protected":false},"excerpt":{"rendered":"<p>Venta de material bibliogr\u00e1fico BibliOri\u00f3n ofrece todos los libros que se publican en espa\u00f1ol en M\u00e9xico. &nbsp; Ofrecemos todos los libros que se publican en espa\u00f1ol en M\u00e9xico <div class=\"page_counter_label\"><span class=\"page_counter_text\" style=\"color:#c9c9c9;background:#FFFFFF;\">Total Page Visits: 7961<\/span><\/div> BibliOri\u00f3n ofrece todos los libros que se publican en espa\u00f1ol en M\u00e9xico, muy especialmente los libros que dif\u00edcilmente pueden encontrarse en los puntos de venta tradicionales. [&hellip;]<\/p>\n","protected":false},"author":1,"featured_media":0,"parent":0,"menu_order":0,"comment_status":"closed","ping_status":"closed","template":"","meta":{"_et_pb_use_builder":"on","_et_pb_old_content":"","_et_gb_content_width":"","om_disable_all_campaigns":false,"_monsterinsights_skip_tracking":false,"_monsterinsights_sitenote_active":false,"_monsterinsights_sitenote_note":"","_monsterinsights_sitenote_category":0,"footnotes":""},"class_list":["post-200","page","type-page","status-publish","hentry"],"aioseo_notices":[],"_links":{"self":[{"href":"https:\/\/bibliorion.com\/bibliorion\/index.php\/wp-json\/wp\/v2\/pages\/200"}],"collection":[{"href":"https:\/\/bibliorion.com\/bibliorion\/index.php\/wp-json\/wp\/v2\/pages"}],"about":[{"href":"https:\/\/bibliorion.com\/bibliorion\/index.php\/wp-json\/wp\/v2\/types\/page"}],"author":[{"embeddable":true,"href":"https:\/\/bibliorion.com\/bibliorion\/index.php\/wp-json\/wp\/v2\/users\/1"}],"replies":[{"embeddable":true,"href":"https:\/\/bibliorion.com\/bibliorion\/index.php\/wp-json\/wp\/v2\/comments?post=200"}],"version-history":[{"count":6,"href":"https:\/\/bibliorion.com\/bibliorion\/index.php\/wp-json\/wp\/v2\/pages\/200\/revisions"}],"predecessor-version":[{"id":625,"href":"https:\/\/bibliorion.com\/bibliorion\/index.php\/wp-json\/wp\/v2\/pages\/200\/revisions\/625"}],"wp:attachment":[{"href":"https:\/\/bibliorion.com\/bibliorion\/index.php\/wp-json\/wp\/v2\/media?parent=200"}],"curies":[{"name":"wp","href":"https:\/\/api.w.org\/{rel}","templated":true}]}}