{"id":222,"date":"2020-10-04T15:20:09","date_gmt":"2020-10-04T15:20:09","guid":{"rendered":"https:\/\/bibliorion.com\/bibliorion\/?page_id=222"},"modified":"2020-10-27T10:45:50","modified_gmt":"2020-10-27T16:45:50","slug":"open-journal-system-ojs","status":"publish","type":"page","link":"https:\/\/bibliorion.com\/bibliorion\/index.php\/open-journal-system-ojs\/","title":{"rendered":"Open Journal System (OJS)"},"content":{"rendered":"<p>[et_pb_section bb_built=&#8221;1&#8243; admin_label=&#8221;Featured Project&#8221; disabled_on=&#8221;off|off|off&#8221; _builder_version=&#8221;3.4.1&#8243; custom_padding=&#8221;110px||110px|&#8221; next_background_color=&#8221;#000000&#8243;][et_pb_row admin_label=&#8221;Featured Project&#8221; _builder_version=&#8221;3.4.1&#8243;][et_pb_column type=&#8221;4_4&#8243;][et_pb_image src=&#8221;https:\/\/bibliorion.com\/bibliorion\/wp-content\/uploads\/2020\/10\/ojs_logo_transparent.png&#8221; align=&#8221;center&#8221; _builder_version=&#8221;3.4.1&#8243; \/][et_pb_text _builder_version=&#8221;3.4.1&#8243;]<\/p>\n<h2>OPEN JOURNAL SYSTEM (OJS)<\/h2>\n<div style=\"text-align: left;><div class=\"page_counter_label\"><span class=\"page_counter_text\" style=\"color:#c9c9c9;background:#FFFFFF;\">Total Page Visits: 9332<\/span><\/div><\/div>\n<p>[\/et_pb_text][et_pb_divider show_divider=&#8221;off&#8221; _builder_version=&#8221;3.2&#8243; max_width=&#8221;23px&#8221; module_alignment=&#8221;left&#8221; animation_style=&#8221;slide&#8221; animation_intensity_slide=&#8221;20%&#8221; animation_starting_opacity=&#8221;100%&#8221; locked=&#8221;off&#8221; \/][et_pb_text _builder_version=&#8221;3.4.1&#8243; text_font_size=&#8221;16px&#8221; text_line_height=&#8221;1.8em&#8221; max_width=&#8221;90%&#8221; custom_margin=&#8221;|||&#8221; animation_style=&#8221;flip&#8221; animation_direction=&#8221;left&#8221; animation_intensity_flip=&#8221;30%&#8221; animation_starting_opacity=&#8221;100%&#8221;]<\/p>\n<p style=\"text-align: justify;\">El software libre Open Journal System (OJS) es un sistema de gesti\u00f3n de revistas electr\u00f3nicas, ya sean acad\u00e9micas, culturales, noticias, etc.<\/p>\n<p style=\"text-align: justify;\">Mediante OJS el editor de una revista sabr\u00e1 en qu\u00e9 punto del proceso editorial se encuentra cada uno de los art\u00edculos, cuales son los art\u00edculos nuevos, a cuales les falta asignar un revisor, de cuales se han recibido las observaciones y\/o comentarios del revisor, cuales est\u00e1n listos para maquetar, etc.<\/p>\n<p style=\"text-align: justify;\">Toda la comunicaci\u00f3n se lleva a cabo v\u00eda correo electr\u00f3nico utilizando plantillas predeterminadas, las cuales pueden ser modificadas a preferencia de la instituci\u00f3n, o bien al momento de enviar el correo electr\u00f3nico.<\/p>\n<p style=\"text-align: justify;\">El manejo del sistema es mediante roles de usuario, que va desde el administrador global del sitio, pasando por el gestor de cada revista, el editor en jefe, editores de secci\u00f3n, revisores, autores, etc. Asimismo un usuario puede tener diferentes roles en una o varias revistas del sitio, por ejemplo: en una revista puede ser editor y en otra revisor, o bien revisor y autor, todo mediante un solo usuario y contrase\u00f1a.<\/p>\n<p>&nbsp;<\/p>\n<p>Sitio oficial:\u00a0<a href=\"https:\/\/pkp.sfu.ca\/ojs\/\">https:\/\/pkp.sfu.ca\/ojs\/<\/a><\/p>\n<p>[\/et_pb_text][\/et_pb_column][\/et_pb_row][\/et_pb_section][et_pb_section bb_built=&#8221;1&#8243; admin_label=&#8221;Footer Section&#8221; _builder_version=&#8221;3.0.89&#8243; background_image=&#8221;https:\/\/bibliorion.com\/bibliorion\/wp-content\/uploads\/2020\/10\/10_img.jpg&#8221; background_position=&#8221;top_center&#8221; custom_padding=&#8221;90px||90px|&#8221; prev_background_color=&#8221;#ffffff&#8221;][et_pb_row admin_label=&#8221;Footer Area&#8221; custom_padding=&#8221;|||&#8221; custom_margin=&#8221;|||&#8221; _builder_version=&#8221;3.0.89&#8243; locked=&#8221;off&#8221;][et_pb_column type=&#8221;4_4&#8243;][et_pb_text admin_label=&#8221;Title&#8221; _builder_version=&#8221;3.4.1&#8243; header_2_font=&#8221;Montserrat|600||on|||||&#8221; header_2_font_size=&#8221;30px&#8221; header_2_line_height=&#8221;1.5em&#8221; custom_margin=&#8221;||5px|&#8221; animation_style=&#8221;slide&#8221; animation_direction=&#8221;top&#8221; animation_intensity_slide=&#8221;20%&#8221; animation_starting_opacity=&#8221;100%&#8221;]<\/p>\n<h2>CONT\u00c1CTANOS, NOS ENCANTAR\u00c1 ESCUCHARTE<\/h2>\n<p>[\/et_pb_text][et_pb_divider show_divider=&#8221;off&#8221; _builder_version=&#8221;3.2&#8243; max_width=&#8221;23px&#8221; animation_style=&#8221;slide&#8221; \/][\/et_pb_column][\/et_pb_row][et_pb_row admin_label=&#8221;Contact Form Area&#8221; _builder_version=&#8221;3.0.89&#8243;][et_pb_column type=&#8221;1_2&#8243;][et_pb_contact_form captcha=&#8221;off&#8221; submit_button_text=&#8221;Enviar &#8221; form_background_color=&#8221;#ffffff&#8221; module_id=&#8221;et_pb_contact_form_0&#8243; _builder_version=&#8221;3.4.1&#8243; form_field_font=&#8221;Montserrat|300|||||||&#8221; form_field_font_size=&#8221;16px&#8221; border_width_all=&#8221;1px&#8221; border_color_all=&#8221;rgba(0,0,0,0.12)&#8221; custom_button=&#8221;on&#8221; button_text_size=&#8221;16px&#8221; button_text_color=&#8221;#ffffff&#8221; button_bg_color=&#8221;#e02b20&#8243; button_border_width=&#8221;8px&#8221; button_border_color=&#8221;#e02b20&#8243; button_letter_spacing=&#8221;2px&#8221; button_font=&#8221;Montserrat|600||on|||||&#8221; animation_style=&#8221;fade&#8221;][et_pb_contact_field field_id=&#8221;Name&#8221; field_title=&#8221;Nombre&#8221; fullwidth_field=&#8221;on&#8221; _builder_version=&#8221;3.4.1&#8243; form_field_font=&#8221;||||||||&#8221;][\/et_pb_contact_field][et_pb_contact_field field_id=&#8221;Email&#8221; field_title=&#8221;Email &#8221; field_type=&#8221;email&#8221; fullwidth_field=&#8221;on&#8221; _builder_version=&#8221;3.4.1&#8243; form_field_font=&#8221;||||||||&#8221;][\/et_pb_contact_field][et_pb_contact_field field_id=&#8221;Subject&#8221; field_title=&#8221;Asunto&#8221; fullwidth_field=&#8221;on&#8221; _builder_version=&#8221;3.4.1&#8243; form_field_font=&#8221;||||||||&#8221;][\/et_pb_contact_field][et_pb_contact_field field_id=&#8221;Message&#8221; field_title=&#8221;Mensaje&#8221; field_type=&#8221;text&#8221; fullwidth_field=&#8221;on&#8221; _builder_version=&#8221;3.4.1&#8243; form_field_font=&#8221;||||||||&#8221;][\/et_pb_contact_field][\/et_pb_contact_form][\/et_pb_column][et_pb_column type=&#8221;1_2&#8243;][\/et_pb_column][\/et_pb_row][\/et_pb_section]<\/p>\n ","protected":false},"excerpt":{"rendered":"<p>OPEN JOURNAL SYSTEM (OJS)<\/p>\n","protected":false},"author":1,"featured_media":0,"parent":0,"menu_order":0,"comment_status":"closed","ping_status":"closed","template":"","meta":{"_et_pb_use_builder":"on","_et_pb_old_content":"","_et_gb_content_width":"","om_disable_all_campaigns":false,"_monsterinsights_skip_tracking":false,"_monsterinsights_sitenote_active":false,"_monsterinsights_sitenote_note":"","_monsterinsights_sitenote_category":0,"footnotes":""},"class_list":["post-222","page","type-page","status-publish","hentry"],"aioseo_notices":[],"_links":{"self":[{"href":"https:\/\/bibliorion.com\/bibliorion\/index.php\/wp-json\/wp\/v2\/pages\/222"}],"collection":[{"href":"https:\/\/bibliorion.com\/bibliorion\/index.php\/wp-json\/wp\/v2\/pages"}],"about":[{"href":"https:\/\/bibliorion.com\/bibliorion\/index.php\/wp-json\/wp\/v2\/types\/page"}],"author":[{"embeddable":true,"href":"https:\/\/bibliorion.com\/bibliorion\/index.php\/wp-json\/wp\/v2\/users\/1"}],"replies":[{"embeddable":true,"href":"https:\/\/bibliorion.com\/bibliorion\/index.php\/wp-json\/wp\/v2\/comments?post=222"}],"version-history":[{"count":12,"href":"https:\/\/bibliorion.com\/bibliorion\/index.php\/wp-json\/wp\/v2\/pages\/222\/revisions"}],"predecessor-version":[{"id":608,"href":"https:\/\/bibliorion.com\/bibliorion\/index.php\/wp-json\/wp\/v2\/pages\/222\/revisions\/608"}],"wp:attachment":[{"href":"https:\/\/bibliorion.com\/bibliorion\/index.php\/wp-json\/wp\/v2\/media?parent=222"}],"curies":[{"name":"wp","href":"https:\/\/api.w.org\/{rel}","templated":true}]}}