{"id":242,"date":"2020-10-04T16:37:07","date_gmt":"2020-10-04T16:37:07","guid":{"rendered":"https:\/\/bibliorion.com\/bibliorion\/?page_id=242"},"modified":"2020-10-27T10:52:51","modified_gmt":"2020-10-27T16:52:51","slug":"vufind","status":"publish","type":"page","link":"https:\/\/bibliorion.com\/bibliorion\/index.php\/vufind\/","title":{"rendered":"VuFind"},"content":{"rendered":"<p>[et_pb_section bb_built=&#8221;1&#8243; admin_label=&#8221;Featured Project&#8221; disabled_on=&#8221;off|off|off&#8221; _builder_version=&#8221;3.4.1&#8243; custom_padding=&#8221;110px||110px|&#8221; next_background_color=&#8221;#000000&#8243;][et_pb_row admin_label=&#8221;Featured Project&#8221; _builder_version=&#8221;3.4.1&#8243;][et_pb_column type=&#8221;4_4&#8243;][et_pb_image src=&#8221;https:\/\/bibliorion.com\/bibliorion\/wp-content\/uploads\/2020\/10\/vufid-1.jpg&#8221; align=&#8221;center&#8221; _builder_version=&#8221;3.4.1&#8243; \/][et_pb_text admin_label=&#8221;Title&#8221; disabled_on=&#8221;off|off|off&#8221; _builder_version=&#8221;3.4.1&#8243; text_font=&#8221;Montserrat|||on|||||&#8221; text_font_size=&#8221;16px&#8221; text_line_height=&#8221;1.8em&#8221; header_2_font=&#8221;Montserrat|600||on|||||&#8221; header_2_font_size=&#8221;30px&#8221; header_2_line_height=&#8221;1.5em&#8221; custom_margin=&#8221;||5px|&#8221; animation_style=&#8221;slide&#8221; animation_direction=&#8221;top&#8221; animation_intensity_slide=&#8221;20%&#8221; animation_starting_opacity=&#8221;100%&#8221;]<\/p>\n<p>&nbsp;<\/p>\n<div class=\"page-header\">\n<div class=\"page-header\">\n<h2>VuFind<\/h2>\n<div style=\"text-align: left;><div class=\"page_counter_label\"><span class=\"page_counter_text\" style=\"color:#c9c9c9;background:#FFFFFF;\">Total Page Visits: 7827<\/span><\/div><\/div>\n<\/div>\n<div class=\"icons\">\n<div class=\"btn-group pull-right\"><\/div>\n<\/div>\n<\/div>\n<p>[\/et_pb_text][et_pb_divider show_divider=&#8221;off&#8221; _builder_version=&#8221;3.2&#8243; max_width=&#8221;23px&#8221; module_alignment=&#8221;left&#8221; animation_style=&#8221;slide&#8221; animation_intensity_slide=&#8221;20%&#8221; animation_starting_opacity=&#8221;100%&#8221; locked=&#8221;off&#8221; \/][et_pb_text _builder_version=&#8221;3.4.1&#8243; text_font_size=&#8221;16px&#8221; text_line_height=&#8221;1.8em&#8221; max_width=&#8221;90%&#8221; custom_margin=&#8221;|||&#8221; animation_style=&#8221;flip&#8221; animation_direction=&#8221;left&#8221; animation_intensity_flip=&#8221;30%&#8221; animation_starting_opacity=&#8221;100%&#8221;]<\/p>\n<p style=\"text-align: justify;\">VuFind es un portal de recursos bibliotecarios cuyo objetivo es permitir a los usuarios buscar y navegar a trav\u00e9s de todos los recursos de la biblioteca mediante la sustituci\u00f3n del OPAC tradicional por otro de nueva generaci\u00f3n que hace mucho m\u00e1s accesible el conjunto completo de las colecciones documentales de cada instituci\u00f3n.<\/p>\n<p style=\"text-align: justify;\">Gracias a esta herramienta, los bibliotecarios no van a necesitar tener conocimientos profundos de inform\u00e1tica para poner a punto el sitio web de su Biblioteca. Permite la construcci\u00f3n de un t\u00edpico portal de Bibliotecas, a\u00f1adiendo la ventaja de sustituir el \u201ccat\u00e1logo p\u00fablico online tradicional\u201d propio de la web 1.0, por una interfaz gr\u00e1fica en la l\u00ednea de la web social, amigable e intuitiva, que permitir\u00e1 a los visitantes navegar m\u00e1s c\u00f3modamente por todos los recursos.<\/p>\n<p>Entre los materiales que pueden ser consultables desde la nueva interfaz figuran:<\/p>\n<ul>\n<li>Los registros del cat\u00e1logo.<\/li>\n<li>El contenido de la Biblioteca Digital.<\/li>\n<li>Un repositorio Institucional.<\/li>\n<li>Listas bibliogr\u00e1ficas, y<\/li>\n<li>Otras colecciones de recursos.<\/li>\n<\/ul>\n<p style=\"text-align: justify;\">Se trata de una soluci\u00f3n de c\u00f3digo abierto (licencia GPL) y arquitectura modular, lo cual le confiere gran versatilidad, pudi\u00e9ndose escoger la utilizaci\u00f3n del sistema b\u00e1sico o el conjunto completo de sus componentes.<\/p>\n<p style=\"text-align: justify;\">Adem\u00e1s, al tratarse de una soluci\u00f3n de open source, junto con los m\u00f3dulos por defecto que incluye, se pueden modificar estos o incluirse otros nuevos que respondan m\u00e1s adecuadamente a las necesidades de cada centro en el que se instale. Las posibilidades de personalizaci\u00f3n son abundantes gracias a la gran cantidad de opciones de configuraci\u00f3n que facilitan la adaptaci\u00f3n del sistema sin necesidad de tener conocimientos t\u00e9cnicos de programaci\u00f3n.<\/p>\n<p style=\"text-align: justify;\">VuFind compatible con la mayor\u00eda de las aplicaciones existentes en las bibliotecas,no s\u00f3lo en contenido sino tambi\u00e9n en algunos casos a nivel funcional, como con los SIGBs Koha, Aleph, Amicus o Millenium; el repositorio Dspace o gestores de recursos electr\u00f3nicos como EBSCOhost o Summon, entre otros.<\/p>\n<p style=\"text-align: justify;\">Sitio oficial:\u00a0<a href=\"https:\/\/vufind.org\/vufind\/\">https:\/\/vufind.org\/vufind\/<\/a><\/p>\n<p>[\/et_pb_text][\/et_pb_column][\/et_pb_row][\/et_pb_section][et_pb_section bb_built=&#8221;1&#8243; admin_label=&#8221;Footer Section&#8221; _builder_version=&#8221;3.0.89&#8243; background_image=&#8221;https:\/\/bibliorion.com\/bibliorion\/wp-content\/uploads\/2020\/10\/10_img.jpg&#8221; background_position=&#8221;top_center&#8221; custom_padding=&#8221;90px||90px|&#8221; prev_background_color=&#8221;#ffffff&#8221;][et_pb_row admin_label=&#8221;Footer Area&#8221; custom_padding=&#8221;|||&#8221; custom_margin=&#8221;|||&#8221; _builder_version=&#8221;3.0.89&#8243; locked=&#8221;off&#8221;][et_pb_column type=&#8221;4_4&#8243;][et_pb_text admin_label=&#8221;Title&#8221; _builder_version=&#8221;3.4.1&#8243; header_2_font=&#8221;Montserrat|600||on|||||&#8221; header_2_font_size=&#8221;30px&#8221; header_2_line_height=&#8221;1.5em&#8221; custom_margin=&#8221;||5px|&#8221; animation_style=&#8221;slide&#8221; animation_direction=&#8221;top&#8221; animation_intensity_slide=&#8221;20%&#8221; animation_starting_opacity=&#8221;100%&#8221;]<\/p>\n<h2>CONT\u00c1CTANOS, NOS ENCANTAR\u00c1 ESCUCHARTE<\/h2>\n<p>[\/et_pb_text][et_pb_divider show_divider=&#8221;off&#8221; _builder_version=&#8221;3.2&#8243; max_width=&#8221;23px&#8221; animation_style=&#8221;slide&#8221; \/][\/et_pb_column][\/et_pb_row][et_pb_row admin_label=&#8221;Contact Form Area&#8221; _builder_version=&#8221;3.0.89&#8243;][et_pb_column type=&#8221;1_2&#8243;][et_pb_contact_form captcha=&#8221;off&#8221; submit_button_text=&#8221;Enviar &#8221; form_background_color=&#8221;#ffffff&#8221; module_id=&#8221;et_pb_contact_form_0&#8243; _builder_version=&#8221;3.4.1&#8243; form_field_font=&#8221;Montserrat|300|||||||&#8221; form_field_font_size=&#8221;16px&#8221; border_width_all=&#8221;1px&#8221; border_color_all=&#8221;rgba(0,0,0,0.12)&#8221; custom_button=&#8221;on&#8221; button_text_size=&#8221;16px&#8221; button_text_color=&#8221;#ffffff&#8221; button_bg_color=&#8221;#e02b20&#8243; button_border_width=&#8221;8px&#8221; button_border_color=&#8221;#e02b20&#8243; button_letter_spacing=&#8221;2px&#8221; button_font=&#8221;Montserrat|600||on|||||&#8221; animation_style=&#8221;fade&#8221;][et_pb_contact_field field_id=&#8221;Name&#8221; field_title=&#8221;Nombre&#8221; fullwidth_field=&#8221;on&#8221; _builder_version=&#8221;3.4.1&#8243; form_field_font=&#8221;||||||||&#8221;][\/et_pb_contact_field][et_pb_contact_field field_id=&#8221;Email&#8221; field_title=&#8221;Email &#8221; field_type=&#8221;email&#8221; fullwidth_field=&#8221;on&#8221; _builder_version=&#8221;3.4.1&#8243; form_field_font=&#8221;||||||||&#8221;][\/et_pb_contact_field][et_pb_contact_field field_id=&#8221;Subject&#8221; field_title=&#8221;Asunto&#8221; fullwidth_field=&#8221;on&#8221; _builder_version=&#8221;3.4.1&#8243; form_field_font=&#8221;||||||||&#8221;][\/et_pb_contact_field][et_pb_contact_field field_id=&#8221;Message&#8221; field_title=&#8221;Mensaje&#8221; field_type=&#8221;text&#8221; fullwidth_field=&#8221;on&#8221; _builder_version=&#8221;3.4.1&#8243; form_field_font=&#8221;||||||||&#8221;][\/et_pb_contact_field][\/et_pb_contact_form][\/et_pb_column][et_pb_column type=&#8221;1_2&#8243;][\/et_pb_column][\/et_pb_row][\/et_pb_section]<\/p>\n ","protected":false},"excerpt":{"rendered":"<p>&nbsp; VuFind<\/p>\n","protected":false},"author":1,"featured_media":0,"parent":0,"menu_order":0,"comment_status":"closed","ping_status":"closed","template":"","meta":{"_et_pb_use_builder":"on","_et_pb_old_content":"","_et_gb_content_width":"","om_disable_all_campaigns":false,"_monsterinsights_skip_tracking":false,"_monsterinsights_sitenote_active":false,"_monsterinsights_sitenote_note":"","_monsterinsights_sitenote_category":0,"footnotes":""},"class_list":["post-242","page","type-page","status-publish","hentry"],"aioseo_notices":[],"_links":{"self":[{"href":"https:\/\/bibliorion.com\/bibliorion\/index.php\/wp-json\/wp\/v2\/pages\/242"}],"collection":[{"href":"https:\/\/bibliorion.com\/bibliorion\/index.php\/wp-json\/wp\/v2\/pages"}],"about":[{"href":"https:\/\/bibliorion.com\/bibliorion\/index.php\/wp-json\/wp\/v2\/types\/page"}],"author":[{"embeddable":true,"href":"https:\/\/bibliorion.com\/bibliorion\/index.php\/wp-json\/wp\/v2\/users\/1"}],"replies":[{"embeddable":true,"href":"https:\/\/bibliorion.com\/bibliorion\/index.php\/wp-json\/wp\/v2\/comments?post=242"}],"version-history":[{"count":3,"href":"https:\/\/bibliorion.com\/bibliorion\/index.php\/wp-json\/wp\/v2\/pages\/242\/revisions"}],"predecessor-version":[{"id":611,"href":"https:\/\/bibliorion.com\/bibliorion\/index.php\/wp-json\/wp\/v2\/pages\/242\/revisions\/611"}],"wp:attachment":[{"href":"https:\/\/bibliorion.com\/bibliorion\/index.php\/wp-json\/wp\/v2\/media?parent=242"}],"curies":[{"name":"wp","href":"https:\/\/api.w.org\/{rel}","templated":true}]}}